{"id":362,"date":"2021-08-17T17:03:43","date_gmt":"2021-08-17T17:03:43","guid":{"rendered":"https:\/\/demo.athemes.com\/botiga\/?page_id=362"},"modified":"2026-02-13T18:34:56","modified_gmt":"2026-02-13T17:34:56","slug":"home-2","status":"publish","type":"page","link":"https:\/\/krasa24.pl\/","title":{"rendered":"Home"},"content":{"rendered":"\n<div id=\"athemes-blocks-block-9af1e1b8\" class=\"wp-block-athemes-athemes-blocks-block-container athemes-blocks-block athemes-blocks-block-9af1e1b8 athemes-blocks-block-container alignfull\"><div class=\"athemes-blocks-block-container-wrapper athemes-blocks-block-container-bg-cover athemes-blocks-block-container-bg-effect-scroll\"><img loading=\"lazy\" decoding=\"async\" class=\"athemes-blocks-background-image\" width=\"2560\" height=\"982\" src=\"https:\/\/krasa24.pl\/wp-content\/uploads\/2026\/02\/KRASA-BANER.png\" srcset=\"https:\/\/krasa24.pl\/wp-content\/uploads\/2026\/02\/KRASA-BANER-150x150.png 150w, https:\/\/krasa24.pl\/wp-content\/uploads\/2026\/02\/KRASA-BANER-300x115.png 300w, https:\/\/krasa24.pl\/wp-content\/uploads\/2026\/02\/KRASA-BANER-1024x393.png 1024w, https:\/\/krasa24.pl\/wp-content\/uploads\/2026\/02\/KRASA-BANER-scaled.png 2560w, \" sizes=\"auto, (max-width: 2560px) 100vw, 2560px\" alt=\"\"\/><div class=\"athemes-blocks-block-container-wrapper-content\">\n<div class=\"wp-block-columns is-layout-flex wp-container-core-columns-is-layout-7387b849 wp-block-columns-is-layout-flex\">\n<div class=\"wp-block-column is-layout-flow wp-block-column-is-layout-flow\" style=\"flex-basis:66.66%\">\n<h3 class=\"wp-block-heading has-huge-font-size\"><strong>Bi\u017cuteria naturalna<\/strong><\/h3>\n\n\n\n<p class=\"wp-block-paragraph\">bursztyn | kryszta\u0142 | kamienie szlachetne<\/p>\n\n\n\n<div class=\"wp-block-buttons is-layout-flex wp-block-buttons-is-layout-flex\">\n<div class=\"wp-block-button\"><a class=\"wp-block-button__link wp-element-button\" href=\"https:\/\/krasa24.pl\/index.php\/sklep\/\">Sklep<\/a><\/div>\n<\/div>\n<\/div>\n\n\n\n<div class=\"wp-block-column is-layout-flow wp-block-column-is-layout-flow\" style=\"flex-basis:33.33%\"><\/div>\n<\/div>\n<\/div><\/div><\/div>\n\n\n\n<div style=\"height:100px\" aria-hidden=\"true\" class=\"wp-block-spacer\"><\/div>\n\n\n\n<h3 class=\"wp-block-heading has-text-align-center\">BI\u017bTERIA <strong>KRASA<\/strong><\/h3>\n\n\n\n<p class=\"has-text-align-center wp-block-paragraph\">TWORZYMY MA\u0141E DZIE\u0141A SZTUKI Z NATURALNYCH MATERIA\u0141\u00d3W<\/p>\n\n\n<div data-block-name=\"woocommerce\/product-new\" data-content-visibility=\"{&quot;title&quot;:true,&quot;price&quot;:true,&quot;rating&quot;:false,&quot;button&quot;:true}\" data-rows=\"1\" class=\"wc-block-grid wp-block-product-new wp-block-woocommerce-product-new wc-block-product-new has-3-columns\"><ul class=\"wc-block-grid__products\"><li class=\"wc-block-grid__product product-grid \">\n\t\t\t\t<div class=\"loop-image-wrap botiga-add-to-cart-button-layout2 botiga-quick-view-button-layout2\">\n\t\t\t\t\t<a href=\"https:\/\/krasa24.pl\/index.php\/product\/niebieski-turmalin\/\" class=\"wc-block-grid__product-link\" title=\"Dodaj do koszyka\">\n\t\t\t\t\t\t<div class=\"wc-block-grid__product-image\"><img loading=\"lazy\" decoding=\"async\" width=\"420\" height=\"401\" src=\"https:\/\/krasa24.pl\/wp-content\/uploads\/2026\/04\/17757546579002-420x401.png\" class=\"attachment-woocommerce_thumbnail size-woocommerce_thumbnail\" alt=\"Niebieski Turmalin\" srcset=\"https:\/\/krasa24.pl\/wp-content\/uploads\/2026\/04\/17757546579002-420x401.png 420w, https:\/\/krasa24.pl\/wp-content\/uploads\/2026\/04\/17757546579002-300x286.png 300w, https:\/\/krasa24.pl\/wp-content\/uploads\/2026\/04\/17757546579002-575x549.png 575w, https:\/\/krasa24.pl\/wp-content\/uploads\/2026\/04\/17757546579002-380x363.png 380w, https:\/\/krasa24.pl\/wp-content\/uploads\/2026\/04\/17757546579002.png 675w\" sizes=\"auto, (max-width: 420px) 100vw, 420px\" \/><\/div>\n\t\t\t\t\t<\/a><span class=\"onsale\">Wyprzeda\u017c!<\/span>\n\t<a href=\"#\" class=\"button botiga-quick-view-show-on-hover botiga-quick-view botiga-quick-view-layout2\" aria-label=\"Szybki podgl\u0105d produktu Niebieski Turmalin\" data-product-id=\"470\" data-nonce=\"4ee9efe12f\">\n\t\tSzybki podgl\u0105d\t<\/a>\n\t<\/div><a href=\"https:\/\/krasa24.pl\/index.php\/product\/niebieski-turmalin\/\" class=\"wc-block-grid__product-link\">\n\t\t\t\t\t<div class=\"wc-block-grid__product-title\">Niebieski Turmalin<\/div>\n\t\t\t\t<\/a><div class=\"wc-block-grid__product-price price\"><del aria-hidden=\"true\"><span class=\"woocommerce-Price-amount amount\">210,00&nbsp;<span class=\"woocommerce-Price-currencySymbol\">&#122;&#322;<\/span><\/span><\/del> <span class=\"screen-reader-text\">Pierwotna cena wynosi\u0142a: 210,00&nbsp;&#122;&#322;.<\/span><ins aria-hidden=\"true\"><span class=\"woocommerce-Price-amount amount\">180,00&nbsp;<span class=\"woocommerce-Price-currencySymbol\">&#122;&#322;<\/span><\/span><\/ins><span class=\"screen-reader-text\">Aktualna cena wynosi: 180,00&nbsp;&#122;&#322;.<\/span><\/div><div class=\"wp-block-button wc-block-grid__product-add-to-cart\"><div class=\"loop-button-wrap button-width-auto button-layout2 \"><a href=\"\/index.php\/wp-json\/wp\/v2\/pages\/362?add-to-cart=470\" aria-label=\"Dodaj do koszyka: &bdquo;Niebieski Turmalin&rdquo;\" data-quantity=\"1\" data-product_id=\"470\" data-product_sku=\"1\" rel=\"nofollow\" class=\"button wp-block-button__link add_to_cart_button ajax_add_to_cart\">Dodaj do koszyka<\/a><\/div><\/div><\/li><li class=\"wc-block-grid__product product-grid \">\n\t\t\t\t<div class=\"loop-image-wrap botiga-add-to-cart-button-layout2 botiga-quick-view-button-layout2\">\n\t\t\t\t\t<a href=\"https:\/\/krasa24.pl\/index.php\/product\/bransoletka\/\" class=\"wc-block-grid__product-link\" title=\"Dodaj do koszyka\">\n\t\t\t\t\t\t<div class=\"wc-block-grid__product-image\"><img loading=\"lazy\" decoding=\"async\" width=\"420\" height=\"560\" src=\"https:\/\/krasa24.pl\/wp-content\/uploads\/2026\/02\/BRANSOLETKA-2-1-420x560.jpg\" class=\"attachment-woocommerce_thumbnail size-woocommerce_thumbnail\" alt=\"Bransoletka\" srcset=\"https:\/\/krasa24.pl\/wp-content\/uploads\/2026\/02\/BRANSOLETKA-2-1-420x560.jpg 420w, https:\/\/krasa24.pl\/wp-content\/uploads\/2026\/02\/BRANSOLETKA-2-1-225x300.jpg 225w, https:\/\/krasa24.pl\/wp-content\/uploads\/2026\/02\/BRANSOLETKA-2-1-768x1024.jpg 768w, https:\/\/krasa24.pl\/wp-content\/uploads\/2026\/02\/BRANSOLETKA-2-1-1152x1536.jpg 1152w, https:\/\/krasa24.pl\/wp-content\/uploads\/2026\/02\/BRANSOLETKA-2-1-1140x1520.jpg 1140w, https:\/\/krasa24.pl\/wp-content\/uploads\/2026\/02\/BRANSOLETKA-2-1-920x1227.jpg 920w, https:\/\/krasa24.pl\/wp-content\/uploads\/2026\/02\/BRANSOLETKA-2-1-575x767.jpg 575w, https:\/\/krasa24.pl\/wp-content\/uploads\/2026\/02\/BRANSOLETKA-2-1-380x507.jpg 380w, https:\/\/krasa24.pl\/wp-content\/uploads\/2026\/02\/BRANSOLETKA-2-1-800x1067.jpg 800w, https:\/\/krasa24.pl\/wp-content\/uploads\/2026\/02\/BRANSOLETKA-2-1-75x100.jpg 75w, https:\/\/krasa24.pl\/wp-content\/uploads\/2026\/02\/BRANSOLETKA-2-1.jpg 1500w\" sizes=\"auto, (max-width: 420px) 100vw, 420px\" \/><\/div>\n\t\t\t\t\t<\/a>\n\t<a href=\"#\" class=\"button botiga-quick-view-show-on-hover botiga-quick-view botiga-quick-view-layout2\" aria-label=\"Szybki podgl\u0105d produktu Bransoletka\" data-product-id=\"439\" data-nonce=\"4ee9efe12f\">\n\t\tSzybki podgl\u0105d\t<\/a>\n\t<\/div><a href=\"https:\/\/krasa24.pl\/index.php\/product\/bransoletka\/\" class=\"wc-block-grid__product-link\">\n\t\t\t\t\t<div class=\"wc-block-grid__product-title\">Bransoletka<\/div>\n\t\t\t\t<\/a><div class=\"wc-block-grid__product-price price\"><span class=\"woocommerce-Price-amount amount\">150,00&nbsp;<span class=\"woocommerce-Price-currencySymbol\">&#122;&#322;<\/span><\/span><\/div><div class=\"wp-block-button wc-block-grid__product-add-to-cart\"><div class=\"loop-button-wrap button-width-auto button-layout2 \"><a href=\"\/index.php\/wp-json\/wp\/v2\/pages\/362?add-to-cart=439\" aria-label=\"Dodaj do koszyka: &bdquo;Bransoletka&rdquo;\" data-quantity=\"1\" data-product_id=\"439\" data-product_sku=\"\" rel=\"nofollow\" class=\"button wp-block-button__link add_to_cart_button ajax_add_to_cart\">Dodaj do koszyka<\/a><\/div><\/div><\/li><li class=\"wc-block-grid__product product-grid \">\n\t\t\t\t<div class=\"loop-image-wrap botiga-add-to-cart-button-layout2 botiga-quick-view-button-layout2\">\n\t\t\t\t\t<a href=\"https:\/\/krasa24.pl\/index.php\/product\/naszyjnik-lisc-debu\/\" class=\"wc-block-grid__product-link\" title=\"Dodaj do koszyka\">\n\t\t\t\t\t\t<div class=\"wc-block-grid__product-image\"><img loading=\"lazy\" decoding=\"async\" width=\"420\" height=\"560\" src=\"https:\/\/krasa24.pl\/wp-content\/uploads\/2026\/02\/NASZYJNIK-3-1-420x560.jpg\" class=\"attachment-woocommerce_thumbnail size-woocommerce_thumbnail\" alt=\"Naszyjnik li\u015b\u0107 d\u0119bu\" srcset=\"https:\/\/krasa24.pl\/wp-content\/uploads\/2026\/02\/NASZYJNIK-3-1-420x560.jpg 420w, https:\/\/krasa24.pl\/wp-content\/uploads\/2026\/02\/NASZYJNIK-3-1-225x300.jpg 225w, https:\/\/krasa24.pl\/wp-content\/uploads\/2026\/02\/NASZYJNIK-3-1-768x1024.jpg 768w, https:\/\/krasa24.pl\/wp-content\/uploads\/2026\/02\/NASZYJNIK-3-1-1152x1536.jpg 1152w, https:\/\/krasa24.pl\/wp-content\/uploads\/2026\/02\/NASZYJNIK-3-1-1140x1520.jpg 1140w, https:\/\/krasa24.pl\/wp-content\/uploads\/2026\/02\/NASZYJNIK-3-1-920x1227.jpg 920w, https:\/\/krasa24.pl\/wp-content\/uploads\/2026\/02\/NASZYJNIK-3-1-575x767.jpg 575w, https:\/\/krasa24.pl\/wp-content\/uploads\/2026\/02\/NASZYJNIK-3-1-380x507.jpg 380w, https:\/\/krasa24.pl\/wp-content\/uploads\/2026\/02\/NASZYJNIK-3-1-800x1067.jpg 800w, https:\/\/krasa24.pl\/wp-content\/uploads\/2026\/02\/NASZYJNIK-3-1-75x100.jpg 75w, https:\/\/krasa24.pl\/wp-content\/uploads\/2026\/02\/NASZYJNIK-3-1.jpg 1500w\" sizes=\"auto, (max-width: 420px) 100vw, 420px\" \/><\/div>\n\t\t\t\t\t<\/a>\n\t<a href=\"#\" class=\"button botiga-quick-view-show-on-hover botiga-quick-view botiga-quick-view-layout2\" aria-label=\"Szybki podgl\u0105d produktu Naszyjnik li\u015b\u0107 d\u0119bu\" data-product-id=\"434\" data-nonce=\"4ee9efe12f\">\n\t\tSzybki podgl\u0105d\t<\/a>\n\t<\/div><a href=\"https:\/\/krasa24.pl\/index.php\/product\/naszyjnik-lisc-debu\/\" class=\"wc-block-grid__product-link\">\n\t\t\t\t\t<div class=\"wc-block-grid__product-title\">Naszyjnik li\u015b\u0107 d\u0119bu<\/div>\n\t\t\t\t<\/a><div class=\"wc-block-grid__product-price price\"><span class=\"woocommerce-Price-amount amount\">450,00&nbsp;<span class=\"woocommerce-Price-currencySymbol\">&#122;&#322;<\/span><\/span><\/div><div class=\"wp-block-button wc-block-grid__product-add-to-cart\"><div class=\"loop-button-wrap button-width-auto button-layout2 \"><a href=\"\/index.php\/wp-json\/wp\/v2\/pages\/362?add-to-cart=434\" aria-label=\"Dodaj do koszyka: &bdquo;Naszyjnik li\u015b\u0107 d\u0119bu&rdquo;\" data-quantity=\"1\" data-product_id=\"434\" data-product_sku=\"\" rel=\"nofollow\" class=\"button wp-block-button__link add_to_cart_button ajax_add_to_cart\">Dodaj do koszyka<\/a><\/div><\/div><\/li><\/ul><\/div>\n\n\n<div style=\"height:100px\" aria-hidden=\"true\" class=\"wp-block-spacer\"><\/div>\n\n\n\n<div id=\"athemes-blocks-block-99290b81\" class=\"wp-block-athemes-athemes-blocks-block-container athemes-blocks-block athemes-blocks-block-99290b81 athemes-blocks-block-container alignfull\"><div class=\"athemes-blocks-block-container-wrapper athemes-blocks-block-container-bg-cover athemes-blocks-block-container-bg-effect-scroll\"><img class=\"athemes-blocks-background-image\" width=\"1920\" height=\"675\" srcset=\"https:\/\/krasa24.pl\/wp-content\/uploads\/2026\/02\/KRA-SA-BANER-3-150x150.jpg 150w, https:\/\/krasa24.pl\/wp-content\/uploads\/2026\/02\/KRA-SA-BANER-3-300x105.jpg 300w, https:\/\/krasa24.pl\/wp-content\/uploads\/2026\/02\/KRA-SA-BANER-3-1024x360.jpg 1024w, https:\/\/krasa24.pl\/wp-content\/uploads\/2026\/02\/KRA-SA-BANER-3.jpg 1920w, \" sizes=\"auto, (max-width: 1920px) 100vw, 1920px\" alt=\"\" loading=\"lazy\"\/><div class=\"athemes-blocks-block-container-wrapper-content\">\n<h3 class=\"wp-block-heading has-text-align-center has-color-6-color has-text-color has-link-color wp-elements-99939c49ab1dc9ed382805341a1ba721\">INSPIRUJE NAS NATURA<\/h3>\n\n\n\n<p class=\"has-text-align-center wp-block-paragraph\"><\/p>\n\n\n\n<div class=\"wp-block-buttons is-horizontal is-content-justification-center is-layout-flex wp-container-core-buttons-is-layout-cbcdc57d wp-block-buttons-is-layout-flex\">\n<div class=\"wp-block-button\"><a class=\"wp-block-button__link wp-element-button\">ZOBACZ NAJNOWSZ\u0104 KOLEKCJ\u0118<\/a><\/div>\n<\/div>\n<\/div><\/div><\/div>\n\n\n\n<div style=\"height:100px\" aria-hidden=\"true\" class=\"wp-block-spacer\"><\/div>\n\n\n\n<h3 class=\"wp-block-heading has-text-align-center\">KATEGORIE<\/h3>\n\n\n\n<p class=\"has-text-align-center wp-block-paragraph\">Tworzymy kr\u00f3tkie serie niepowtarzalnej bi\u017cuterii<\/p>\n\n\n\n<div class=\"wp-block-columns is-layout-flex wp-container-core-columns-is-layout-7387b849 wp-block-columns-is-layout-flex\">\n<div class=\"wp-block-column is-layout-flow wp-block-column-is-layout-flow\"><div class=\"wp-block-image\">\n<figure class=\"aligncenter size-large\"><img loading=\"lazy\" decoding=\"async\" width=\"768\" height=\"1024\" src=\"https:\/\/krasa24.pl\/wp-content\/uploads\/2026\/02\/NASZYJNIK-1-768x1024.jpg\" alt=\"\" class=\"wp-image-428\" srcset=\"https:\/\/krasa24.pl\/wp-content\/uploads\/2026\/02\/NASZYJNIK-1-768x1024.jpg 768w, https:\/\/krasa24.pl\/wp-content\/uploads\/2026\/02\/NASZYJNIK-1-225x300.jpg 225w, https:\/\/krasa24.pl\/wp-content\/uploads\/2026\/02\/NASZYJNIK-1-1152x1536.jpg 1152w, https:\/\/krasa24.pl\/wp-content\/uploads\/2026\/02\/NASZYJNIK-1-1140x1520.jpg 1140w, https:\/\/krasa24.pl\/wp-content\/uploads\/2026\/02\/NASZYJNIK-1-920x1227.jpg 920w, https:\/\/krasa24.pl\/wp-content\/uploads\/2026\/02\/NASZYJNIK-1-575x767.jpg 575w, https:\/\/krasa24.pl\/wp-content\/uploads\/2026\/02\/NASZYJNIK-1-380x507.jpg 380w, https:\/\/krasa24.pl\/wp-content\/uploads\/2026\/02\/NASZYJNIK-1-420x560.jpg 420w, https:\/\/krasa24.pl\/wp-content\/uploads\/2026\/02\/NASZYJNIK-1-800x1067.jpg 800w, https:\/\/krasa24.pl\/wp-content\/uploads\/2026\/02\/NASZYJNIK-1.jpg 1500w\" sizes=\"auto, (max-width: 768px) 100vw, 768px\" \/><\/figure>\n<\/div>\n\n\n<p class=\"has-text-align-center wp-block-paragraph\"><a href=\"https:\/\/krasa24.pl\/index.php\/product-category\/naszyjniki\/\" data-type=\"URL\" data-id=\"https:\/\/demo.athemes.com\/botiga\/product-category\/cosmetics\/\">NASZYJNIKI<\/a><\/p>\n<\/div>\n\n\n\n<div class=\"wp-block-column is-layout-flow wp-block-column-is-layout-flow\"><div class=\"wp-block-image\">\n<figure class=\"aligncenter size-large\"><img loading=\"lazy\" decoding=\"async\" width=\"768\" height=\"1024\" src=\"https:\/\/krasa24.pl\/wp-content\/uploads\/2026\/02\/BRANSOLTEKA-1-768x1024.jpg\" alt=\"\" class=\"wp-image-430\" srcset=\"https:\/\/krasa24.pl\/wp-content\/uploads\/2026\/02\/BRANSOLTEKA-1-768x1024.jpg 768w, https:\/\/krasa24.pl\/wp-content\/uploads\/2026\/02\/BRANSOLTEKA-1-225x300.jpg 225w, https:\/\/krasa24.pl\/wp-content\/uploads\/2026\/02\/BRANSOLTEKA-1-1152x1536.jpg 1152w, https:\/\/krasa24.pl\/wp-content\/uploads\/2026\/02\/BRANSOLTEKA-1-1140x1520.jpg 1140w, https:\/\/krasa24.pl\/wp-content\/uploads\/2026\/02\/BRANSOLTEKA-1-920x1227.jpg 920w, https:\/\/krasa24.pl\/wp-content\/uploads\/2026\/02\/BRANSOLTEKA-1-575x767.jpg 575w, https:\/\/krasa24.pl\/wp-content\/uploads\/2026\/02\/BRANSOLTEKA-1-380x507.jpg 380w, https:\/\/krasa24.pl\/wp-content\/uploads\/2026\/02\/BRANSOLTEKA-1-420x560.jpg 420w, https:\/\/krasa24.pl\/wp-content\/uploads\/2026\/02\/BRANSOLTEKA-1-800x1067.jpg 800w, https:\/\/krasa24.pl\/wp-content\/uploads\/2026\/02\/BRANSOLTEKA-1.jpg 1500w\" sizes=\"auto, (max-width: 768px) 100vw, 768px\" \/><\/figure>\n<\/div>\n\n\n<p class=\"has-text-align-center wp-block-paragraph\"><a href=\"https:\/\/krasa24.pl\/index.php\/product-category\/bransoletki\/\" data-type=\"URL\" data-id=\"https:\/\/demo.athemes.com\/botiga\/product-category\/cosmetics\/\">BRANSOLETKI<\/a><\/p>\n<\/div>\n\n\n\n<div class=\"wp-block-column is-layout-flow wp-block-column-is-layout-flow\"><div class=\"wp-block-image\">\n<figure class=\"aligncenter size-large\"><img loading=\"lazy\" decoding=\"async\" width=\"768\" height=\"1024\" src=\"https:\/\/krasa24.pl\/wp-content\/uploads\/2026\/02\/KOLCZYKI-1-768x1024.jpg\" alt=\"\" class=\"wp-image-431\" srcset=\"https:\/\/krasa24.pl\/wp-content\/uploads\/2026\/02\/KOLCZYKI-1-768x1024.jpg 768w, https:\/\/krasa24.pl\/wp-content\/uploads\/2026\/02\/KOLCZYKI-1-225x300.jpg 225w, https:\/\/krasa24.pl\/wp-content\/uploads\/2026\/02\/KOLCZYKI-1-1152x1536.jpg 1152w, https:\/\/krasa24.pl\/wp-content\/uploads\/2026\/02\/KOLCZYKI-1-1140x1520.jpg 1140w, https:\/\/krasa24.pl\/wp-content\/uploads\/2026\/02\/KOLCZYKI-1-920x1227.jpg 920w, https:\/\/krasa24.pl\/wp-content\/uploads\/2026\/02\/KOLCZYKI-1-575x767.jpg 575w, https:\/\/krasa24.pl\/wp-content\/uploads\/2026\/02\/KOLCZYKI-1-380x507.jpg 380w, https:\/\/krasa24.pl\/wp-content\/uploads\/2026\/02\/KOLCZYKI-1-420x560.jpg 420w, https:\/\/krasa24.pl\/wp-content\/uploads\/2026\/02\/KOLCZYKI-1-800x1067.jpg 800w, https:\/\/krasa24.pl\/wp-content\/uploads\/2026\/02\/KOLCZYKI-1.jpg 1500w\" sizes=\"auto, (max-width: 768px) 100vw, 768px\" \/><\/figure>\n<\/div>\n\n\n<p class=\"has-text-align-center wp-block-paragraph\"><a href=\"https:\/\/krasa24.pl\/index.php\/product-category\/kolczyki\/\">KOLCZYKI<\/a><\/p>\n<\/div>\n\n\n\n<div class=\"wp-block-column is-layout-flow wp-block-column-is-layout-flow\"><div class=\"wp-block-image\">\n<figure class=\"aligncenter size-large\"><img loading=\"lazy\" decoding=\"async\" width=\"768\" height=\"1024\" src=\"https:\/\/krasa24.pl\/wp-content\/uploads\/2026\/02\/ZESTAW-1-768x1024.jpg\" alt=\"\" class=\"wp-image-432\" srcset=\"https:\/\/krasa24.pl\/wp-content\/uploads\/2026\/02\/ZESTAW-1-768x1024.jpg 768w, https:\/\/krasa24.pl\/wp-content\/uploads\/2026\/02\/ZESTAW-1-225x300.jpg 225w, https:\/\/krasa24.pl\/wp-content\/uploads\/2026\/02\/ZESTAW-1-1152x1536.jpg 1152w, https:\/\/krasa24.pl\/wp-content\/uploads\/2026\/02\/ZESTAW-1-1140x1520.jpg 1140w, https:\/\/krasa24.pl\/wp-content\/uploads\/2026\/02\/ZESTAW-1-920x1227.jpg 920w, https:\/\/krasa24.pl\/wp-content\/uploads\/2026\/02\/ZESTAW-1-575x767.jpg 575w, https:\/\/krasa24.pl\/wp-content\/uploads\/2026\/02\/ZESTAW-1-380x507.jpg 380w, https:\/\/krasa24.pl\/wp-content\/uploads\/2026\/02\/ZESTAW-1-420x560.jpg 420w, https:\/\/krasa24.pl\/wp-content\/uploads\/2026\/02\/ZESTAW-1-800x1067.jpg 800w, https:\/\/krasa24.pl\/wp-content\/uploads\/2026\/02\/ZESTAW-1.jpg 1500w\" sizes=\"auto, (max-width: 768px) 100vw, 768px\" \/><\/figure>\n<\/div>\n\n\n<p class=\"has-text-align-center wp-block-paragraph\"><a href=\"https:\/\/krasa24.pl\/index.php\/product-category\/zestawy\/\">ZESTAWY<\/a><\/p>\n<\/div>\n<\/div>\n\n\n\n<div style=\"height:90px\" aria-hidden=\"true\" class=\"wp-block-spacer\"><\/div>\n","protected":false},"excerpt":{"rendered":"<p>BI\u017bTERIA KRASA TWORZYMY MA\u0141E DZIE\u0141A SZTUKI Z NATURALNYCH MATERIA\u0141\u00d3W KATEGORIE Tworzymy kr\u00f3tkie serie niepowtarzalnej bi\u017cuterii NASZYJNIKI BRANSOLETKI KOLCZYKI ZESTAWY<\/p>\n","protected":false},"author":2,"featured_media":0,"parent":0,"menu_order":0,"comment_status":"closed","ping_status":"closed","template":"","meta":{"_crdt_document":"","footnotes":""},"class_list":["post-362","page","type-page","status-publish","hentry"],"_links":{"self":[{"href":"https:\/\/krasa24.pl\/index.php\/wp-json\/wp\/v2\/pages\/362","targetHints":{"allow":["GET"]}}],"collection":[{"href":"https:\/\/krasa24.pl\/index.php\/wp-json\/wp\/v2\/pages"}],"about":[{"href":"https:\/\/krasa24.pl\/index.php\/wp-json\/wp\/v2\/types\/page"}],"author":[{"embeddable":true,"href":"https:\/\/krasa24.pl\/index.php\/wp-json\/wp\/v2\/users\/2"}],"replies":[{"embeddable":true,"href":"https:\/\/krasa24.pl\/index.php\/wp-json\/wp\/v2\/comments?post=362"}],"version-history":[{"count":10,"href":"https:\/\/krasa24.pl\/index.php\/wp-json\/wp\/v2\/pages\/362\/revisions"}],"predecessor-version":[{"id":441,"href":"https:\/\/krasa24.pl\/index.php\/wp-json\/wp\/v2\/pages\/362\/revisions\/441"}],"wp:attachment":[{"href":"https:\/\/krasa24.pl\/index.php\/wp-json\/wp\/v2\/media?parent=362"}],"curies":[{"name":"wp","href":"https:\/\/api.w.org\/{rel}","templated":true}]}}