{"id":434,"date":"2026-02-13T18:29:42","date_gmt":"2026-02-13T17:29:42","guid":{"rendered":"https:\/\/krasa24.pl\/?post_type=product&#038;p=434"},"modified":"2026-02-13T18:37:04","modified_gmt":"2026-02-13T17:37:04","slug":"naszyjnik-lisc-debu","status":"publish","type":"product","link":"https:\/\/krasa24.pl\/index.php\/product\/naszyjnik-lisc-debu\/","title":{"rendered":"Naszyjnik li\u015b\u0107 d\u0119bu"},"content":{"rendered":"","protected":false},"excerpt":{"rendered":"","protected":false},"featured_media":437,"template":"","meta":{"_crdt_document":""},"product_brand":[],"product_cat":[15,23],"product_tag":[],"class_list":{"0":"post-434","1":"product","2":"type-product","3":"status-publish","4":"has-post-thumbnail","6":"product_cat-bez-kategorii","7":"product_cat-naszyjniki","9":"first","10":"instock","11":"shipping-taxable","12":"purchasable","13":"product-type-simple"},"_links":{"self":[{"href":"https:\/\/krasa24.pl\/index.php\/wp-json\/wp\/v2\/product\/434","targetHints":{"allow":["GET"]}}],"collection":[{"href":"https:\/\/krasa24.pl\/index.php\/wp-json\/wp\/v2\/product"}],"about":[{"href":"https:\/\/krasa24.pl\/index.php\/wp-json\/wp\/v2\/types\/product"}],"wp:featuredmedia":[{"embeddable":true,"href":"https:\/\/krasa24.pl\/index.php\/wp-json\/wp\/v2\/media\/437"}],"wp:attachment":[{"href":"https:\/\/krasa24.pl\/index.php\/wp-json\/wp\/v2\/media?parent=434"}],"wp:term":[{"taxonomy":"product_brand","embeddable":true,"href":"https:\/\/krasa24.pl\/index.php\/wp-json\/wp\/v2\/product_brand?post=434"},{"taxonomy":"product_cat","embeddable":true,"href":"https:\/\/krasa24.pl\/index.php\/wp-json\/wp\/v2\/product_cat?post=434"},{"taxonomy":"product_tag","embeddable":true,"href":"https:\/\/krasa24.pl\/index.php\/wp-json\/wp\/v2\/product_tag?post=434"}],"curies":[{"name":"wp","href":"https:\/\/api.w.org\/{rel}","templated":true}]}}